{"id":4337,"date":"2021-09-08T12:27:03","date_gmt":"2021-09-08T17:27:03","guid":{"rendered":"https:\/\/multilatinasforbesllyc.enforb.es\/que-es-el-das\/"},"modified":"2021-10-27T09:49:32","modified_gmt":"2021-10-27T14:49:32","slug":"o-que-e-o-das","status":"publish","type":"page","link":"https:\/\/multilatinasforbesllyc.enforb.es\/pt-br\/o-que-e-o-das\/","title":{"rendered":"O que \u00e9 o DAS?"},"content":{"rendered":"<p>[vc_row css=&#8221;.vc_custom_1631121882422{padding-bottom: 35px !important;}&#8221;][vc_column width=&#8221;7\/12&#8243;][vc_row_inner][vc_column_inner][vc_custom_heading text=&#8221;A ferramenta para estabelecer modelos preditivos na comunica\u00e7\u00e3o&#8221; use_theme_fonts=&#8221;yes&#8221;][vc_empty_space][vc_column_text]O Data Analytics Suite, DAS, \u00e9 um modelo de an\u00e1lise de informa\u00e7\u00e3o LLYC baseado em <strong>PNL (Programa\u00e7\u00e3o Neuroling\u00fc\u00edstica)<\/strong> para an\u00e1lise sem\u00e2ntica de conversas, <strong>ML (Machine Learning)<\/strong> para classifica\u00e7\u00e3o tem\u00e1tica e <strong>SNA (Social network analysis)<\/strong> para an\u00e1lise de relacionamento.<\/p>\n<p>Por meio de<strong><em> big data<\/em> e an\u00e1lise de milh\u00f5es de mensagens,<\/strong> o sistema extrai informa\u00e7\u00f5es para mostrar os territ\u00f3rios de conversa\u00e7\u00e3o, as comunidades que participam e as narrativas que impactam a opini\u00e3o p\u00fablica.<\/p>\n<p>Este processo permite a gera\u00e7\u00e3o de <strong>sociogramas sobre a principais quest\u00f5es<\/strong>, identificando os motores da conversa, os l\u00edderes de cada comunidade e sua rela\u00e7\u00e3o com aqueles que participam.[\/vc_column_text][\/vc_column_inner][\/vc_row_inner][\/vc_column][vc_column width=&#8221;5\/12&#8243;][vc_row_inner][vc_column_inner css=&#8221;.vc_custom_1632321147359{background-image: url(https:\/\/multilatinasforbesllyc.enforb.es\/wp-content\/uploads\/2021\/09\/graph.png?id=4312) !important;background-position: center !important;background-repeat: no-repeat !important;background-size: cover !important;}&#8221;][vc_empty_space height=&#8221;450px&#8221;][\/vc_column_inner][\/vc_row_inner][\/vc_column][\/vc_row][vc_row full_width=&#8221;stretch_row&#8221; css=&#8221;.vc_custom_1631121926723{background-color: #000000 !important;}&#8221;][vc_column][vc_row_inner][vc_column_inner][vc_custom_heading text=&#8221;Os diferentes modelos&#8221; font_container=&#8221;tag:h2|text_align:left|color:%23ffffff&#8221; use_theme_fonts=&#8221;yes&#8221;][vc_empty_space][vc_column_text el_class=&#8221;white-text&#8221;]O DAS adapta-se \u00e0s necessidades e caracter\u00edsticas da conversa para obter os conhecimentos relevantes de acordo com o que voc\u00ea deseja identificar.<\/p>\n<p>LLYC tem desenvolvido diferentes modelos, entre eles:<\/p>\n<ul>\n<li><strong>Modelo Orion<\/strong>: com an\u00e1lise de relacionamento em larga escala, padr\u00f5es Twitter e RTs.<\/li>\n<li><strong>Modelo Pleiades<\/strong>: con m\u00e9tricas a medida, seguimiento de KPI y reportes en PDF.<\/li>\n<li><strong>Modelo Andr\u00f3meda<\/strong>: processos de despolitiza\u00e7\u00e3o de conversas e infer\u00eancia de polaridade ideol\u00f3gica<\/li>\n<li><strong>Modelo Perseu<\/strong>: presen\u00e7a da marca em territ\u00f3rios-chave e an\u00e1lise quantitativa.<\/li>\n<li><strong>Modelo Cygnus<\/strong>: pesquisa em territ\u00f3rios com alto potencial de crescimento e an\u00e1lise multiespectral: motores de busca, conversa\u00e7\u00e3o e m\u00eddia.<\/li>\n<li><strong>Modelo \u00d4mega<\/strong>: infer\u00eancia de padr\u00f5es no uso da linguagem e an\u00e1lise sem\u00e2ntica do discurso.<\/li>\n<li><strong>Modelo Cassiop\u00e9ia<\/strong>: estudo de estilos de linguagem, grupos verticais de interessados e segmenta\u00e7\u00e3o.<\/li>\n<\/ul>\n<p>[\/vc_column_text][\/vc_column_inner][\/vc_row_inner][\/vc_column][\/vc_row][vc_row full_width=&#8221;stretch_row&#8221; gap=&#8221;10&#8243; css=&#8221;.vc_custom_1631285467033{padding-top: 20px !important;background-color: #000000 !important;}&#8221;][vc_column width=&#8221;2\/3&#8243; css=&#8221;.vc_custom_1631052153072{padding: 2% !important;}&#8221;]<style type=\"text\/css\" data-type=\"the7_shortcodes-inline-css\">.shortcode-single-image-wrap.shortcode-single-image-701e55e66becb78a1be375bf1d3ea677.enable-bg-rollover .rollover i,\n.shortcode-single-image-wrap.shortcode-single-image-701e55e66becb78a1be375bf1d3ea677.enable-bg-rollover .rollover-video i {\n  background: -webkit-linear-gradient();\n  background: linear-gradient();\n}\n.shortcode-single-image-wrap.shortcode-single-image-701e55e66becb78a1be375bf1d3ea677 .rollover-icon {\n  font-size: 32px;\n  color: #ffffff;\n  min-width: 44px;\n  min-height: 44px;\n  line-height: 44px;\n  border-radius: 100px;\n  border-style: solid;\n  border-width: 0px;\n}\n.dt-icon-bg-on.shortcode-single-image-wrap.shortcode-single-image-701e55e66becb78a1be375bf1d3ea677 .rollover-icon {\n  background: rgba(255,255,255,0.3);\n  box-shadow: none;\n}\n<\/style><div class=\"shortcode-single-image-wrap shortcode-single-image-701e55e66becb78a1be375bf1d3ea677 alignleft  enable-bg-rollover dt-icon-bg-off\" style=\"margin-top:0px; margin-bottom:0px; margin-left:0px; margin-right:0px; width:350px;\"><div class=\"shortcode-single-image\"><div class=\"fancy-media-wrap  layzr-bg\" style=\"\"><img loading=\"lazy\" decoding=\"async\" class=\"preload-me lazy-load\" src=\"data:image\/svg+xml,%3Csvg%20xmlns%3D&#39;http%3A%2F%2Fwww.w3.org%2F2000%2Fsvg&#39;%20viewBox%3D&#39;0%200%20350%2037&#39;%2F%3E\" data-src=\"https:\/\/multilatinasforbesllyc.enforb.es\/wp-content\/uploads\/2021\/09\/logo-forbe-llyx500-1-350x37.png\" data-srcset=\"https:\/\/multilatinasforbesllyc.enforb.es\/wp-content\/uploads\/2021\/09\/logo-forbe-llyx500-1-350x37.png 350w, https:\/\/multilatinasforbesllyc.enforb.es\/wp-content\/uploads\/2021\/09\/logo-forbe-llyx500-1.png 501w\" width=\"350\" height=\"37\"  data-dt-location=\"https:\/\/multilatinasforbesllyc.enforb.es\/pt-br\/conclusiones\/logo-forbe-llyx500-1\/\" style=\"\" alt=\"\" \/><\/div><\/div><\/div>[vc_empty_space][vc_custom_heading text=&#8221;Baixar o informe&#8221; font_container=&#8221;tag:h3|font_size:40px|text_align:left|color:%23ffffff|line_height:40px&#8221; use_theme_fonts=&#8221;yes&#8221;][\/vc_column][vc_column width=&#8221;1\/3&#8243;][vc_btn title=&#8221;Baixar&#8221; style=&#8221;flat&#8221; shape=&#8221;square&#8221; color=&#8221;juicy-pink&#8221; align=&#8221;center&#8221; i_icon_fontawesome=&#8221;fas fa-download&#8221; button_block=&#8221;true&#8221; add_icon=&#8221;true&#8221; el_class=&#8221;download-buttonPt&#8221;][\/vc_column][\/vc_row][vc_row css_animation=&#8221;fadeIn&#8221; css=&#8221;.vc_custom_1630521916937{padding-top: 5% !important;padding-bottom: 5% !important;}&#8221;][vc_column][vc_row_inner gap=&#8221;30&#8243;][vc_column_inner el_class=&#8221;custom-height&#8221; width=&#8221;1\/3&#8243; css=&#8221;.vc_custom_1632502717159{padding-top: 60px !important;padding-right: 10% !important;padding-bottom: 35px !important;padding-left: 10% !important;background-image: url(https:\/\/multilatinasforbesllyc.enforb.es\/wp-content\/uploads\/2021\/08\/multilatinas.png?id=3465) !important;background-position: center !important;background-repeat: no-repeat !important;background-size: cover !important;}&#8221; el_id=&#8221;tendencia-clave&#8221;]<div id=\"ultimate-heading-58069ecbcfa03669\" class=\"uvc-heading ult-adjust-bottom-margin ultimate-heading-58069ecbcfa03669 uvc-8003 \" data-hspacer=\"no_spacer\"  data-halign=\"left\" style=\"text-align:left\"><div class=\"uvc-heading-spacer no_spacer\" style=\"top\"><\/div><div class=\"uvc-main-heading ult-responsive\"  data-ultimate-target='.uvc-heading.ultimate-heading-58069ecbcfa03669 h2'  data-responsive-json-new='{\"font-size\":\"desktop:50px;\",\"line-height\":\"desktop:60px;\"}' ><h2 style=\"font-weight:bold;color:#ffffff;\">1.<\/h2><\/div><div class=\"uvc-sub-heading ult-responsive\"  data-ultimate-target='.uvc-heading.ultimate-heading-58069ecbcfa03669 .uvc-sub-heading '  data-responsive-json-new='{\"font-size\":\"\",\"line-height\":\"\"}'  style=\"font-weight:normal;color:#ffffff;\"><\/p>\n<h4 style=\"color: white;\">TEND\u00caNCIAS CHAVE<\/h4>\n<p>O novo normal, p\u00f3s-pandemia e p\u00f3s-crise, nos coloca ambientes complexos aos quais as empresas n\u00e3o podem simplesmente reagir.<\/div><\/div>[\/vc_column_inner][vc_column_inner el_class=&#8221;custom-height&#8221; width=&#8221;1\/3&#8243; css=&#8221;.vc_custom_1632267024456{padding-top: 60px !important;padding-right: 10% !important;padding-bottom: 30px !important;padding-left: 10% !important;background: #01223a url(https:\/\/multilatinasforbesllyc.enforb.es\/wp-content\/uploads\/2021\/08\/2-forbes.jpg?id=3502) !important;background-position: center !important;background-repeat: no-repeat !important;background-size: cover !important;}&#8221; el_id=&#8221;multilatina&#8221;]<div id=\"ultimate-heading-652169ecbcfa036ca\" class=\"uvc-heading ult-adjust-bottom-margin ultimate-heading-652169ecbcfa036ca uvc-5557 \" data-hspacer=\"no_spacer\"  data-halign=\"left\" style=\"text-align:left\"><div class=\"uvc-heading-spacer no_spacer\" style=\"top\"><\/div><div class=\"uvc-main-heading ult-responsive\"  data-ultimate-target='.uvc-heading.ultimate-heading-652169ecbcfa036ca h2'  data-responsive-json-new='{\"font-size\":\"desktop:50px;\",\"line-height\":\"desktop:60px;\"}' ><h2 style=\"font-weight:bold;color:#ffffff;\">2.<\/h2><\/div><div class=\"uvc-sub-heading ult-responsive\"  data-ultimate-target='.uvc-heading.ultimate-heading-652169ecbcfa036ca .uvc-sub-heading '  data-responsive-json-new='{\"font-size\":\"\",\"line-height\":\"\"}'  style=\"font-weight:normal;color:#ffffff;\"><\/p>\n<h4 style=\"color: white;\">A MARCA MULTILATINA: UM MERCADO DE OPORTUNIDADES<\/h4>\n<p>Al\u00e9m dos desafios e tend\u00eancias que as Multilatinas enfrentam, que s\u00f3 diferem das empresas globais&#8230;<\/div><\/div>[\/vc_column_inner][vc_column_inner el_class=&#8221;custom-height&#8221; width=&#8221;1\/3&#8243; css=&#8221;.vc_custom_1632502736859{padding-top: 60px !important;padding-right: 10% !important;padding-bottom: 35px !important;padding-left: 10% !important;background-color: #000000 !important;}&#8221; el_id=&#8221;conclucion&#8221;]<div id=\"ultimate-heading-601969ecbcfa0370f\" class=\"uvc-heading ult-adjust-bottom-margin ultimate-heading-601969ecbcfa0370f uvc-962 \" data-hspacer=\"no_spacer\"  data-halign=\"left\" style=\"text-align:left\"><div class=\"uvc-heading-spacer no_spacer\" style=\"top\"><\/div><div class=\"uvc-main-heading ult-responsive\"  data-ultimate-target='.uvc-heading.ultimate-heading-601969ecbcfa0370f h2'  data-responsive-json-new='{\"font-size\":\"desktop:50px;\",\"line-height\":\"desktop:60px;\"}' ><h2 style=\"font-weight:bold;color:#ffffff;\">3.<\/h2><\/div><div class=\"uvc-sub-heading ult-responsive\"  data-ultimate-target='.uvc-heading.ultimate-heading-601969ecbcfa0370f .uvc-sub-heading '  data-responsive-json-new='{\"font-size\":\"\",\"line-height\":\"\"}'  style=\"font-weight:normal;color:#ffffff;\"><\/p>\n<h4 style=\"color: white;\">CONCLUS\u00d5ES<\/h4>\n<p>Depois de analisar as Multilatinas e seu desempenho comercial sob uma perspectiva glocal, com base nas tend\u00eancias globais&#8230;<\/div><\/div>[\/vc_column_inner][\/vc_row_inner][\/vc_column][\/vc_row][vc_row][vc_column][vc_column_text]<script>\n\tdocument.getElementById('tendencia-clave').addEventListener('click', function() {\n    \tlocation.href = '\/pt-br\/tendencias\/'\n    }, false);\n          \n    document.getElementById('multilatina').addEventListener('click', function() {\n    \tlocation.href = '\/pt-br\/marca-multilatina-uma-oportunidade\/'\n    }, false);\n\t\n\tdocument.getElementById('conclucion').addEventListener('click', function() {\n\t\tlocation.href = '\/pt-br\/conclusoes\/'\n    }, false);\n\t<\/script>[\/vc_column_text][\/vc_column][\/vc_row]<\/p>\n","protected":false},"excerpt":{"rendered":"<p>[vc_row css=&#8221;.vc_custom_1631121882422{padding-bottom: 35px !important;}&#8221;][vc_column width=&#8221;7\/12&#8243;][vc_row_inner][vc_column_inner][vc_custom_heading text=&#8221;A ferramenta para estabelecer modelos preditivos na comunica\u00e7\u00e3o&#8221; use_theme_fonts=&#8221;yes&#8221;][vc_empty_space][vc_column_text]O Data Analytics Suite, DAS, \u00e9 um modelo de an\u00e1lise de informa\u00e7\u00e3o LLYC baseado em PNL (Programa\u00e7\u00e3o Neuroling\u00fc\u00edstica) para an\u00e1lise sem\u00e2ntica de conversas, ML (Machine Learning) para classifica\u00e7\u00e3o tem\u00e1tica e SNA (Social network analysis) para an\u00e1lise de relacionamento. Por meio de big&hellip;<\/p>\n","protected":false},"author":2,"featured_media":4327,"parent":0,"menu_order":0,"comment_status":"closed","ping_status":"closed","template":"","meta":{"content-type":""},"class_list":["post-4337","page","type-page","status-publish","has-post-thumbnail","hentry","description-off"],"yoast_head":"<!-- This site is optimized with the Yoast SEO plugin v20.12 - https:\/\/yoast.com\/wordpress\/plugins\/seo\/ -->\n<title>O que \u00e9 o DAS? - Multilatinas Forbes | LLYC<\/title>\n<meta name=\"description\" content=\"DAS, o sistema de an\u00e1lisis de big data da LLYC\" \/>\n<meta name=\"robots\" content=\"index, follow, max-snippet:-1, max-image-preview:large, max-video-preview:-1\" \/>\n<link rel=\"canonical\" href=\"https:\/\/multilatinasforbesllyc.enforb.es\/pt-br\/o-que-e-o-das\/\" \/>\n<meta property=\"og:locale\" content=\"pt_BR\" \/>\n<meta property=\"og:type\" content=\"article\" \/>\n<meta property=\"og:title\" content=\"O que \u00e9 o DAS?\" \/>\n<meta property=\"og:description\" content=\"DAS, o sistema de an\u00e1lise de big data da LLYC\" \/>\n<meta property=\"og:url\" content=\"https:\/\/multilatinasforbesllyc.enforb.es\/pt-br\/o-que-e-o-das\/\" \/>\n<meta property=\"og:site_name\" content=\"Multilatinas Forbes | LLYC\" \/>\n<meta property=\"article:publisher\" content=\"https:\/\/www.facebook.com\/ForbesMexico\" \/>\n<meta property=\"article:modified_time\" content=\"2021-10-27T14:49:32+00:00\" \/>\n<meta property=\"og:image\" content=\"https:\/\/multilatinasforbesllyc.enforb.es\/wp-content\/uploads\/2021\/09\/forbes-SEO.png\" \/>\n\t<meta property=\"og:image:width\" content=\"1400\" \/>\n\t<meta property=\"og:image:height\" content=\"1100\" \/>\n\t<meta property=\"og:image:type\" content=\"image\/png\" \/>\n<meta name=\"twitter:card\" content=\"summary_large_image\" \/>\n<meta name=\"twitter:title\" content=\"O que \u00e9 o DAS?\" \/>\n<meta name=\"twitter:description\" content=\"DAS, o sistema de an\u00e1lise de big data da LLYC\" \/>\n<meta name=\"twitter:image\" content=\"https:\/\/multilatinasforbesllyc.enforb.es\/wp-content\/uploads\/2021\/09\/forbes-SEO.png\" \/>\n<meta name=\"twitter:site\" content=\"@Forbes_Mexico\" \/>\n<meta name=\"twitter:label1\" content=\"Est. tempo de leitura\" \/>\n\t<meta name=\"twitter:data1\" content=\"2 minutos\" \/>\n<script type=\"application\/ld+json\" class=\"yoast-schema-graph\">{\"@context\":\"https:\/\/schema.org\",\"@graph\":[{\"@type\":\"WebPage\",\"@id\":\"https:\/\/multilatinasforbesllyc.enforb.es\/pt-br\/o-que-e-o-das\/\",\"url\":\"https:\/\/multilatinasforbesllyc.enforb.es\/pt-br\/o-que-e-o-das\/\",\"name\":\"O que \u00e9 o DAS? - Multilatinas Forbes | LLYC\",\"isPartOf\":{\"@id\":\"https:\/\/multilatinasforbesllyc.enforb.es\/#website\"},\"datePublished\":\"2021-09-08T17:27:03+00:00\",\"dateModified\":\"2021-10-27T14:49:32+00:00\",\"description\":\"DAS, o sistema de an\u00e1lisis de big data da LLYC\",\"breadcrumb\":{\"@id\":\"https:\/\/multilatinasforbesllyc.enforb.es\/pt-br\/o-que-e-o-das\/#breadcrumb\"},\"inLanguage\":\"pt-BR\",\"potentialAction\":[{\"@type\":\"ReadAction\",\"target\":[\"https:\/\/multilatinasforbesllyc.enforb.es\/pt-br\/o-que-e-o-das\/\"]}]},{\"@type\":\"BreadcrumbList\",\"@id\":\"https:\/\/multilatinasforbesllyc.enforb.es\/pt-br\/o-que-e-o-das\/#breadcrumb\",\"itemListElement\":[{\"@type\":\"ListItem\",\"position\":1,\"name\":\"Inicio\",\"item\":\"https:\/\/multilatinasforbesllyc.enforb.es\/pt-br\/\"},{\"@type\":\"ListItem\",\"position\":2,\"name\":\"O que \u00e9 o DAS?\"}]},{\"@type\":\"WebSite\",\"@id\":\"https:\/\/multilatinasforbesllyc.enforb.es\/#website\",\"url\":\"https:\/\/multilatinasforbesllyc.enforb.es\/\",\"name\":\"Multilatinas Forbes | LLYC\",\"description\":\"Bajo la nueva normalidad\",\"publisher\":{\"@id\":\"https:\/\/multilatinasforbesllyc.enforb.es\/#organization\"},\"potentialAction\":[{\"@type\":\"SearchAction\",\"target\":{\"@type\":\"EntryPoint\",\"urlTemplate\":\"https:\/\/multilatinasforbesllyc.enforb.es\/?s={search_term_string}\"},\"query-input\":\"required name=search_term_string\"}],\"inLanguage\":\"pt-BR\"},{\"@type\":\"Organization\",\"@id\":\"https:\/\/multilatinasforbesllyc.enforb.es\/#organization\",\"name\":\"MULTILATINAS Forbes | LLYC\",\"url\":\"https:\/\/multilatinasforbesllyc.enforb.es\/\",\"logo\":{\"@type\":\"ImageObject\",\"inLanguage\":\"pt-BR\",\"@id\":\"https:\/\/multilatinasforbesllyc.enforb.es\/#\/schema\/logo\/image\/\",\"url\":\"https:\/\/multilatinasforbesllyc.enforb.es\/wp-content\/uploads\/2021\/09\/forbes-SEO.png\",\"contentUrl\":\"https:\/\/multilatinasforbesllyc.enforb.es\/wp-content\/uploads\/2021\/09\/forbes-SEO.png\",\"width\":1400,\"height\":1100,\"caption\":\"MULTILATINAS Forbes | LLYC\"},\"image\":{\"@id\":\"https:\/\/multilatinasforbesllyc.enforb.es\/#\/schema\/logo\/image\/\"},\"sameAs\":[\"https:\/\/www.facebook.com\/ForbesMexico\",\"https:\/\/twitter.com\/Forbes_Mexico\",\"https:\/\/www.instagram.com\/forbesmexico\/?hl=es\",\"https:\/\/mx.linkedin.com\/company\/forbes-m-xico\",\"https:\/\/www.pinterest.com\/forbesmexico\/\",\"https:\/\/www.youtube.com\/user\/forbesmexico\"]}]}<\/script>\n<!-- \/ Yoast SEO plugin. -->","yoast_head_json":{"title":"O que \u00e9 o DAS? - Multilatinas Forbes | LLYC","description":"DAS, o sistema de an\u00e1lisis de big data da LLYC","robots":{"index":"index","follow":"follow","max-snippet":"max-snippet:-1","max-image-preview":"max-image-preview:large","max-video-preview":"max-video-preview:-1"},"canonical":"https:\/\/multilatinasforbesllyc.enforb.es\/pt-br\/o-que-e-o-das\/","og_locale":"pt_BR","og_type":"article","og_title":"O que \u00e9 o DAS?","og_description":"DAS, o sistema de an\u00e1lise de big data da LLYC","og_url":"https:\/\/multilatinasforbesllyc.enforb.es\/pt-br\/o-que-e-o-das\/","og_site_name":"Multilatinas Forbes | LLYC","article_publisher":"https:\/\/www.facebook.com\/ForbesMexico","article_modified_time":"2021-10-27T14:49:32+00:00","og_image":[{"width":1400,"height":1100,"url":"https:\/\/multilatinasforbesllyc.enforb.es\/wp-content\/uploads\/2021\/09\/forbes-SEO.png","type":"image\/png"}],"twitter_card":"summary_large_image","twitter_title":"O que \u00e9 o DAS?","twitter_description":"DAS, o sistema de an\u00e1lise de big data da LLYC","twitter_image":"https:\/\/multilatinasforbesllyc.enforb.es\/wp-content\/uploads\/2021\/09\/forbes-SEO.png","twitter_site":"@Forbes_Mexico","twitter_misc":{"Est. tempo de leitura":"2 minutos"},"schema":{"@context":"https:\/\/schema.org","@graph":[{"@type":"WebPage","@id":"https:\/\/multilatinasforbesllyc.enforb.es\/pt-br\/o-que-e-o-das\/","url":"https:\/\/multilatinasforbesllyc.enforb.es\/pt-br\/o-que-e-o-das\/","name":"O que \u00e9 o DAS? - Multilatinas Forbes | LLYC","isPartOf":{"@id":"https:\/\/multilatinasforbesllyc.enforb.es\/#website"},"datePublished":"2021-09-08T17:27:03+00:00","dateModified":"2021-10-27T14:49:32+00:00","description":"DAS, o sistema de an\u00e1lisis de big data da LLYC","breadcrumb":{"@id":"https:\/\/multilatinasforbesllyc.enforb.es\/pt-br\/o-que-e-o-das\/#breadcrumb"},"inLanguage":"pt-BR","potentialAction":[{"@type":"ReadAction","target":["https:\/\/multilatinasforbesllyc.enforb.es\/pt-br\/o-que-e-o-das\/"]}]},{"@type":"BreadcrumbList","@id":"https:\/\/multilatinasforbesllyc.enforb.es\/pt-br\/o-que-e-o-das\/#breadcrumb","itemListElement":[{"@type":"ListItem","position":1,"name":"Inicio","item":"https:\/\/multilatinasforbesllyc.enforb.es\/pt-br\/"},{"@type":"ListItem","position":2,"name":"O que \u00e9 o DAS?"}]},{"@type":"WebSite","@id":"https:\/\/multilatinasforbesllyc.enforb.es\/#website","url":"https:\/\/multilatinasforbesllyc.enforb.es\/","name":"Multilatinas Forbes | LLYC","description":"Bajo la nueva normalidad","publisher":{"@id":"https:\/\/multilatinasforbesllyc.enforb.es\/#organization"},"potentialAction":[{"@type":"SearchAction","target":{"@type":"EntryPoint","urlTemplate":"https:\/\/multilatinasforbesllyc.enforb.es\/?s={search_term_string}"},"query-input":"required name=search_term_string"}],"inLanguage":"pt-BR"},{"@type":"Organization","@id":"https:\/\/multilatinasforbesllyc.enforb.es\/#organization","name":"MULTILATINAS Forbes | LLYC","url":"https:\/\/multilatinasforbesllyc.enforb.es\/","logo":{"@type":"ImageObject","inLanguage":"pt-BR","@id":"https:\/\/multilatinasforbesllyc.enforb.es\/#\/schema\/logo\/image\/","url":"https:\/\/multilatinasforbesllyc.enforb.es\/wp-content\/uploads\/2021\/09\/forbes-SEO.png","contentUrl":"https:\/\/multilatinasforbesllyc.enforb.es\/wp-content\/uploads\/2021\/09\/forbes-SEO.png","width":1400,"height":1100,"caption":"MULTILATINAS Forbes | LLYC"},"image":{"@id":"https:\/\/multilatinasforbesllyc.enforb.es\/#\/schema\/logo\/image\/"},"sameAs":["https:\/\/www.facebook.com\/ForbesMexico","https:\/\/twitter.com\/Forbes_Mexico","https:\/\/www.instagram.com\/forbesmexico\/?hl=es","https:\/\/mx.linkedin.com\/company\/forbes-m-xico","https:\/\/www.pinterest.com\/forbesmexico\/","https:\/\/www.youtube.com\/user\/forbesmexico"]}]}},"_links":{"self":[{"href":"https:\/\/multilatinasforbesllyc.enforb.es\/pt-br\/wp-json\/wp\/v2\/pages\/4337","targetHints":{"allow":["GET"]}}],"collection":[{"href":"https:\/\/multilatinasforbesllyc.enforb.es\/pt-br\/wp-json\/wp\/v2\/pages"}],"about":[{"href":"https:\/\/multilatinasforbesllyc.enforb.es\/pt-br\/wp-json\/wp\/v2\/types\/page"}],"author":[{"embeddable":true,"href":"https:\/\/multilatinasforbesllyc.enforb.es\/pt-br\/wp-json\/wp\/v2\/users\/2"}],"replies":[{"embeddable":true,"href":"https:\/\/multilatinasforbesllyc.enforb.es\/pt-br\/wp-json\/wp\/v2\/comments?post=4337"}],"version-history":[{"count":9,"href":"https:\/\/multilatinasforbesllyc.enforb.es\/pt-br\/wp-json\/wp\/v2\/pages\/4337\/revisions"}],"predecessor-version":[{"id":4940,"href":"https:\/\/multilatinasforbesllyc.enforb.es\/pt-br\/wp-json\/wp\/v2\/pages\/4337\/revisions\/4940"}],"wp:featuredmedia":[{"embeddable":true,"href":"https:\/\/multilatinasforbesllyc.enforb.es\/pt-br\/wp-json\/wp\/v2\/media\/4327"}],"wp:attachment":[{"href":"https:\/\/multilatinasforbesllyc.enforb.es\/pt-br\/wp-json\/wp\/v2\/media?parent=4337"}],"curies":[{"name":"wp","href":"https:\/\/api.w.org\/{rel}","templated":true}]}}