{"id":4486,"date":"2021-08-17T18:19:59","date_gmt":"2021-08-17T18:19:59","guid":{"rendered":"https:\/\/multilatinasforbesllyc.enforb.es\/aviso-de-privacidad\/"},"modified":"2021-09-23T16:21:42","modified_gmt":"2021-09-23T21:21:42","slug":"aviso-de-privacidad","status":"publish","type":"page","link":"https:\/\/multilatinasforbesllyc.enforb.es\/pt-br\/aviso-de-privacidad\/","title":{"rendered":"Aviso de privacidad"},"content":{"rendered":"<p>[vc_row][vc_column][vc_column_text el_class=&#8221;custom-line-title&#8221;]<\/p>\n<h2>Aviso de privacidad<\/h2>\n<p>[\/vc_column_text][vc_column_text]Aviso de privacidad para la protecci\u00f3n de datos personales<\/p>\n<p>En t\u00e9rminos de lo previsto en la Ley Federal de Protecci\u00f3n de Datos Personales en Posesi\u00f3n de los Particulares, la aportaci\u00f3n que hagas de tus datos Personales a Forbes M\u00e9xico constituye la aceptaci\u00f3n de estos T\u00e9rminos y Condiciones:[\/vc_column_text][vc_column_text]<\/p>\n<ol class=\"item-space\">\n<li><span class=\"paint-accent-color\">&#8211;<\/span> El presente Aviso tiene por objeto la protecci\u00f3n de tus datos personales, mediante su tratamiento leg\u00edtimo, controlado e informado, a efecto de garantizar su privacidad, as\u00ed como tu derecho a la autodeterminaci\u00f3n informativa.<\/li>\n<li><span class=\"paint-accent-color\">&#8211;<\/span> Conforme al art\u00edculo 3, fracci\u00f3n V, de la Ley, se entiende por Datos Personales: Cualquier informaci\u00f3n concerniente a una persona f\u00edsica identificada o identificable.<\/li>\n<li><span class=\"paint-accent-color\">&#8211;<\/span> Forbes M\u00e9xico, de conformidad a lo dispuesto por la fracci\u00f3n I del art\u00edculo 16 de la Ley, ser\u00e1 el Responsable de tu informaci\u00f3n personal (Datos Personales). Forbes har\u00e1 uso de los datos para fines \u00fanicamente editoriales y estad\u00edsticos, as\u00ed como para mantenerte al tanto de la informaci\u00f3n concerniente a la franquicia 30 Promesas.<\/li>\n<li><span class=\"paint-accent-color\">&#8211;<\/span> Al participar en el proceso de selecci\u00f3n, autorizas a Forbes utilizar y tratar de forma automatizada tus datos personales e informaci\u00f3n suministrados, los cuales formar\u00e1n parte de nuestra base de datos con la finalidad de usarlos en forma enunciativa, m\u00e1s no limitativa para: identificarte, ubicarte, comunicarte, contactarte, enviarte informaci\u00f3n, actualizar nuestra base de datos y obtener estad\u00edsticas.<\/li>\n<li><span class=\"paint-accent-color\">&#8211;<\/span> La temporalidad del manejo de tus Datos Personales ser\u00e1 indefinida a partir de la fecha en que nos los proporciones.<\/li>\n<li><span class=\"paint-accent-color\">&#8211;<\/span> Forbes M\u00e9xico, como responsable del tratamiento de tus datos personales, est\u00e1 obligada a cumplir con los principios de licitud, consentimiento, informaci\u00f3n, calidad, finalidad, lealtad, proporcionalidad y responsabilidad tutelados en la Ley; por tal motivo con fundamento en los art\u00edculos 13 y 14 de la Ley, Forbes M\u00e9xico se compromete a tratar tu informaci\u00f3n con normas de confidencialidad y seguridad administrativa.<\/li>\n<li><span class=\"paint-accent-color\">&#8211;<\/span> En t\u00e9rminos de lo establecido por el art\u00edculo 22 de la Ley, tienes derecho en cualquier momento a ejercer tus derechos de acceso, rectificaci\u00f3n, cancelaci\u00f3n y oposici\u00f3n al tratamiento de tus datos personales.En caso de que requieras alg\u00fan cambio deber\u00e1s enviar un correo a contacto@forbes.com.mx. En cumplimiento al art\u00edculo 29 de la Ley, dicha solicitud deber\u00e1 contener los siguientes datos: a) Tu nombre y domicilio u otro medio para comunicarte la respuesta a tu solicitud; b) Los documentos que acrediten tu identidad o, en su caso, la representaci\u00f3n legal de la persona que realiza la solicitud a tu nombre; c) La descripci\u00f3n clara y precisa de los datos personales respecto de los que buscas ejercer alguno de los derechos mencionados en el p\u00e1rrafo anterior, y d) Cualquier otro elemento o documento que facilite la localizaci\u00f3n de tus datos personales. En caso de solicitar la rectificaci\u00f3n de datos personales, adicionalmente deber\u00e1s indicar las modificaciones a realizarse y aportar la documentaci\u00f3n que sustente tu petici\u00f3n. La respuesta a tu solicitud se te comunicar\u00e1 en un plazo de veinte d\u00edas h\u00e1biles, contados desde la fecha en que se recibi\u00f3, pudiendo ampliarse a veinte d\u00edas m\u00e1s en los casos que as\u00ed lo establezcan la Ley; a efecto de que de resultar procedente, se lleven a cabo las medidas adoptadas para cumplir con tu solicitud, mismas que se llevar\u00e1n a cabo dentro de los quince d\u00edas h\u00e1biles siguientes a la fecha en que se comunique la respuesta.<\/li>\n<li><span class=\"paint-accent-color\">&#8211;<\/span> Te sugerimos conocer y analizar el contenido de la Ley Federal de Protecci\u00f3n de Datos Personales en Posesi\u00f3n de los Particulares pues pueden generarse cambios normativos a los que estamos sujetos.<\/li>\n<li><span class=\"paint-accent-color\">&#8211;<\/span> Forbes M\u00e9xico podr\u00e1 utilizar cookies durante la prestaci\u00f3n de servicios del sitio web. Las cookies son ficheros f\u00edsicos de informaci\u00f3n personal alojados en el propio terminal del usuario. El usuario tiene la posibilidad de configurar su programa navegador de manera que se impida la creaci\u00f3n de archivos cookie o se advierta de la misma.<\/li>\n<li><span class=\"paint-accent-color\">&#8211;<\/span> Si opta a abandonar nuestro sitio web a trav\u00e9s de enlaces a sitios web no pertenecientes a nuestra entidad, Forbes M\u00e9xico no se har\u00e1 responsable de las pol\u00edticas de privacidad de dichos sitios web ni de las cookies que \u00e9stos puedan almacenar en el ordenador del usuario.<\/li>\n<\/ol>\n<p>[\/vc_column_text][\/vc_column][\/vc_row]<\/p>\n","protected":false},"excerpt":{"rendered":"<p>[vc_row][vc_column][vc_column_text el_class=&#8221;custom-line-title&#8221;] Aviso de privacidad [\/vc_column_text][vc_column_text]Aviso de privacidad para la protecci\u00f3n de datos personales En t\u00e9rminos de lo previsto en la Ley Federal de Protecci\u00f3n de Datos Personales en Posesi\u00f3n de los Particulares, la aportaci\u00f3n que hagas de tus datos Personales a Forbes M\u00e9xico constituye la aceptaci\u00f3n de estos T\u00e9rminos y Condiciones:[\/vc_column_text][vc_column_text] &#8211; El presente&hellip;<\/p>\n","protected":false},"author":5,"featured_media":0,"parent":0,"menu_order":0,"comment_status":"closed","ping_status":"closed","template":"","meta":{"content-type":""},"class_list":["post-4486","page","type-page","status-publish","hentry","description-off"],"yoast_head":"<!-- This site is optimized with the Yoast SEO plugin v20.12 - https:\/\/yoast.com\/wordpress\/plugins\/seo\/ -->\n<title>Aviso de privacidad - Multilatinas Forbes | LLYC<\/title>\n<meta name=\"robots\" content=\"index, follow, max-snippet:-1, max-image-preview:large, max-video-preview:-1\" \/>\n<link rel=\"canonical\" href=\"https:\/\/multilatinasforbesllyc.enforb.es\/pt-br\/aviso-de-privacidad\/\" \/>\n<meta property=\"og:locale\" content=\"pt_BR\" \/>\n<meta property=\"og:type\" content=\"article\" \/>\n<meta property=\"og:title\" content=\"Aviso de privacidad - Multilatinas Forbes | LLYC\" \/>\n<meta property=\"og:description\" content=\"[vc_row][vc_column][vc_column_text el_class=&#8221;custom-line-title&#8221;] Aviso de privacidad [\/vc_column_text][vc_column_text]Aviso de privacidad para la protecci\u00f3n de datos personales En t\u00e9rminos de lo previsto en la Ley Federal de Protecci\u00f3n de Datos Personales en Posesi\u00f3n de los Particulares, la aportaci\u00f3n que hagas de tus datos Personales a Forbes M\u00e9xico constituye la aceptaci\u00f3n de estos T\u00e9rminos y Condiciones:[\/vc_column_text][vc_column_text] &#8211; El presente&hellip;\" \/>\n<meta property=\"og:url\" content=\"https:\/\/multilatinasforbesllyc.enforb.es\/pt-br\/aviso-de-privacidad\/\" \/>\n<meta property=\"og:site_name\" content=\"Multilatinas Forbes | LLYC\" \/>\n<meta property=\"article:publisher\" content=\"https:\/\/www.facebook.com\/ForbesMexico\" \/>\n<meta property=\"article:modified_time\" content=\"2021-09-23T21:21:42+00:00\" \/>\n<meta name=\"twitter:card\" content=\"summary_large_image\" \/>\n<meta name=\"twitter:site\" content=\"@Forbes_Mexico\" \/>\n<meta name=\"twitter:label1\" content=\"Est. tempo de leitura\" \/>\n\t<meta name=\"twitter:data1\" content=\"3 minutos\" \/>\n<script type=\"application\/ld+json\" class=\"yoast-schema-graph\">{\"@context\":\"https:\/\/schema.org\",\"@graph\":[{\"@type\":\"WebPage\",\"@id\":\"https:\/\/multilatinasforbesllyc.enforb.es\/pt-br\/aviso-de-privacidad\/\",\"url\":\"https:\/\/multilatinasforbesllyc.enforb.es\/pt-br\/aviso-de-privacidad\/\",\"name\":\"Aviso de privacidad - Multilatinas Forbes | LLYC\",\"isPartOf\":{\"@id\":\"https:\/\/multilatinasforbesllyc.enforb.es\/#website\"},\"datePublished\":\"2021-08-17T18:19:59+00:00\",\"dateModified\":\"2021-09-23T21:21:42+00:00\",\"breadcrumb\":{\"@id\":\"https:\/\/multilatinasforbesllyc.enforb.es\/pt-br\/aviso-de-privacidad\/#breadcrumb\"},\"inLanguage\":\"pt-BR\",\"potentialAction\":[{\"@type\":\"ReadAction\",\"target\":[\"https:\/\/multilatinasforbesllyc.enforb.es\/pt-br\/aviso-de-privacidad\/\"]}]},{\"@type\":\"BreadcrumbList\",\"@id\":\"https:\/\/multilatinasforbesllyc.enforb.es\/pt-br\/aviso-de-privacidad\/#breadcrumb\",\"itemListElement\":[{\"@type\":\"ListItem\",\"position\":1,\"name\":\"Inicio\",\"item\":\"https:\/\/multilatinasforbesllyc.enforb.es\/pt-br\/\"},{\"@type\":\"ListItem\",\"position\":2,\"name\":\"Aviso de privacidad\"}]},{\"@type\":\"WebSite\",\"@id\":\"https:\/\/multilatinasforbesllyc.enforb.es\/#website\",\"url\":\"https:\/\/multilatinasforbesllyc.enforb.es\/\",\"name\":\"Multilatinas Forbes | LLYC\",\"description\":\"Bajo la nueva normalidad\",\"publisher\":{\"@id\":\"https:\/\/multilatinasforbesllyc.enforb.es\/#organization\"},\"potentialAction\":[{\"@type\":\"SearchAction\",\"target\":{\"@type\":\"EntryPoint\",\"urlTemplate\":\"https:\/\/multilatinasforbesllyc.enforb.es\/?s={search_term_string}\"},\"query-input\":\"required name=search_term_string\"}],\"inLanguage\":\"pt-BR\"},{\"@type\":\"Organization\",\"@id\":\"https:\/\/multilatinasforbesllyc.enforb.es\/#organization\",\"name\":\"MULTILATINAS Forbes | LLYC\",\"url\":\"https:\/\/multilatinasforbesllyc.enforb.es\/\",\"logo\":{\"@type\":\"ImageObject\",\"inLanguage\":\"pt-BR\",\"@id\":\"https:\/\/multilatinasforbesllyc.enforb.es\/#\/schema\/logo\/image\/\",\"url\":\"https:\/\/multilatinasforbesllyc.enforb.es\/wp-content\/uploads\/2021\/09\/forbes-SEO.png\",\"contentUrl\":\"https:\/\/multilatinasforbesllyc.enforb.es\/wp-content\/uploads\/2021\/09\/forbes-SEO.png\",\"width\":1400,\"height\":1100,\"caption\":\"MULTILATINAS Forbes | LLYC\"},\"image\":{\"@id\":\"https:\/\/multilatinasforbesllyc.enforb.es\/#\/schema\/logo\/image\/\"},\"sameAs\":[\"https:\/\/www.facebook.com\/ForbesMexico\",\"https:\/\/twitter.com\/Forbes_Mexico\",\"https:\/\/www.instagram.com\/forbesmexico\/?hl=es\",\"https:\/\/mx.linkedin.com\/company\/forbes-m-xico\",\"https:\/\/www.pinterest.com\/forbesmexico\/\",\"https:\/\/www.youtube.com\/user\/forbesmexico\"]}]}<\/script>\n<!-- \/ Yoast SEO plugin. -->","yoast_head_json":{"title":"Aviso de privacidad - Multilatinas Forbes | LLYC","robots":{"index":"index","follow":"follow","max-snippet":"max-snippet:-1","max-image-preview":"max-image-preview:large","max-video-preview":"max-video-preview:-1"},"canonical":"https:\/\/multilatinasforbesllyc.enforb.es\/pt-br\/aviso-de-privacidad\/","og_locale":"pt_BR","og_type":"article","og_title":"Aviso de privacidad - Multilatinas Forbes | LLYC","og_description":"[vc_row][vc_column][vc_column_text el_class=&#8221;custom-line-title&#8221;] Aviso de privacidad [\/vc_column_text][vc_column_text]Aviso de privacidad para la protecci\u00f3n de datos personales En t\u00e9rminos de lo previsto en la Ley Federal de Protecci\u00f3n de Datos Personales en Posesi\u00f3n de los Particulares, la aportaci\u00f3n que hagas de tus datos Personales a Forbes M\u00e9xico constituye la aceptaci\u00f3n de estos T\u00e9rminos y Condiciones:[\/vc_column_text][vc_column_text] &#8211; El presente&hellip;","og_url":"https:\/\/multilatinasforbesllyc.enforb.es\/pt-br\/aviso-de-privacidad\/","og_site_name":"Multilatinas Forbes | LLYC","article_publisher":"https:\/\/www.facebook.com\/ForbesMexico","article_modified_time":"2021-09-23T21:21:42+00:00","twitter_card":"summary_large_image","twitter_site":"@Forbes_Mexico","twitter_misc":{"Est. tempo de leitura":"3 minutos"},"schema":{"@context":"https:\/\/schema.org","@graph":[{"@type":"WebPage","@id":"https:\/\/multilatinasforbesllyc.enforb.es\/pt-br\/aviso-de-privacidad\/","url":"https:\/\/multilatinasforbesllyc.enforb.es\/pt-br\/aviso-de-privacidad\/","name":"Aviso de privacidad - Multilatinas Forbes | LLYC","isPartOf":{"@id":"https:\/\/multilatinasforbesllyc.enforb.es\/#website"},"datePublished":"2021-08-17T18:19:59+00:00","dateModified":"2021-09-23T21:21:42+00:00","breadcrumb":{"@id":"https:\/\/multilatinasforbesllyc.enforb.es\/pt-br\/aviso-de-privacidad\/#breadcrumb"},"inLanguage":"pt-BR","potentialAction":[{"@type":"ReadAction","target":["https:\/\/multilatinasforbesllyc.enforb.es\/pt-br\/aviso-de-privacidad\/"]}]},{"@type":"BreadcrumbList","@id":"https:\/\/multilatinasforbesllyc.enforb.es\/pt-br\/aviso-de-privacidad\/#breadcrumb","itemListElement":[{"@type":"ListItem","position":1,"name":"Inicio","item":"https:\/\/multilatinasforbesllyc.enforb.es\/pt-br\/"},{"@type":"ListItem","position":2,"name":"Aviso de privacidad"}]},{"@type":"WebSite","@id":"https:\/\/multilatinasforbesllyc.enforb.es\/#website","url":"https:\/\/multilatinasforbesllyc.enforb.es\/","name":"Multilatinas Forbes | LLYC","description":"Bajo la nueva normalidad","publisher":{"@id":"https:\/\/multilatinasforbesllyc.enforb.es\/#organization"},"potentialAction":[{"@type":"SearchAction","target":{"@type":"EntryPoint","urlTemplate":"https:\/\/multilatinasforbesllyc.enforb.es\/?s={search_term_string}"},"query-input":"required name=search_term_string"}],"inLanguage":"pt-BR"},{"@type":"Organization","@id":"https:\/\/multilatinasforbesllyc.enforb.es\/#organization","name":"MULTILATINAS Forbes | LLYC","url":"https:\/\/multilatinasforbesllyc.enforb.es\/","logo":{"@type":"ImageObject","inLanguage":"pt-BR","@id":"https:\/\/multilatinasforbesllyc.enforb.es\/#\/schema\/logo\/image\/","url":"https:\/\/multilatinasforbesllyc.enforb.es\/wp-content\/uploads\/2021\/09\/forbes-SEO.png","contentUrl":"https:\/\/multilatinasforbesllyc.enforb.es\/wp-content\/uploads\/2021\/09\/forbes-SEO.png","width":1400,"height":1100,"caption":"MULTILATINAS Forbes | LLYC"},"image":{"@id":"https:\/\/multilatinasforbesllyc.enforb.es\/#\/schema\/logo\/image\/"},"sameAs":["https:\/\/www.facebook.com\/ForbesMexico","https:\/\/twitter.com\/Forbes_Mexico","https:\/\/www.instagram.com\/forbesmexico\/?hl=es","https:\/\/mx.linkedin.com\/company\/forbes-m-xico","https:\/\/www.pinterest.com\/forbesmexico\/","https:\/\/www.youtube.com\/user\/forbesmexico"]}]}},"_links":{"self":[{"href":"https:\/\/multilatinasforbesllyc.enforb.es\/pt-br\/wp-json\/wp\/v2\/pages\/4486","targetHints":{"allow":["GET"]}}],"collection":[{"href":"https:\/\/multilatinasforbesllyc.enforb.es\/pt-br\/wp-json\/wp\/v2\/pages"}],"about":[{"href":"https:\/\/multilatinasforbesllyc.enforb.es\/pt-br\/wp-json\/wp\/v2\/types\/page"}],"author":[{"embeddable":true,"href":"https:\/\/multilatinasforbesllyc.enforb.es\/pt-br\/wp-json\/wp\/v2\/users\/5"}],"replies":[{"embeddable":true,"href":"https:\/\/multilatinasforbesllyc.enforb.es\/pt-br\/wp-json\/wp\/v2\/comments?post=4486"}],"version-history":[{"count":1,"href":"https:\/\/multilatinasforbesllyc.enforb.es\/pt-br\/wp-json\/wp\/v2\/pages\/4486\/revisions"}],"predecessor-version":[{"id":4487,"href":"https:\/\/multilatinasforbesllyc.enforb.es\/pt-br\/wp-json\/wp\/v2\/pages\/4486\/revisions\/4487"}],"wp:attachment":[{"href":"https:\/\/multilatinasforbesllyc.enforb.es\/pt-br\/wp-json\/wp\/v2\/media?parent=4486"}],"curies":[{"name":"wp","href":"https:\/\/api.w.org\/{rel}","templated":true}]}}